{"id":102,"date":"2026-04-09T13:42:31","date_gmt":"2026-04-09T17:42:31","guid":{"rendered":"https:\/\/benjacksonvideo.tangiblelaunchpad.com\/?page_id=102"},"modified":"2026-04-09T13:50:07","modified_gmt":"2026-04-09T17:50:07","slug":"about","status":"publish","type":"page","link":"https:\/\/benjacksonvideo.tangiblelaunchpad.com\/fr\/about\/","title":{"rendered":"About Ben"},"content":{"rendered":"<div class=\"wp-block-group alignwide is-content-justification-center is-layout-flex wp-container-core-group-is-layout-37b273cc wp-block-group-is-layout-flex\" style=\"padding-top:var(--wp--preset--spacing--50);padding-bottom:var(--wp--preset--spacing--50)\">\n<figure class=\"wp-block-image size-full has-custom-border wp-container-content-e0b89f81\"><img loading=\"lazy\" decoding=\"async\" width=\"301\" height=\"300\" src=\"https:\/\/benjacksonvideo.tangiblelaunchpad.com\/wp-content\/uploads\/2026\/04\/ben-zion-jackson-videographer-profile.jpg\" alt=\"Ben Zion Jackson\" class=\"wp-image-104\" style=\"border-top-left-radius:100%;border-top-right-radius:100%;border-bottom-left-radius:100%;border-bottom-right-radius:100%;aspect-ratio:1;object-fit:cover\" srcset=\"https:\/\/benjacksonvideo.tangiblelaunchpad.com\/wp-content\/uploads\/2026\/04\/ben-zion-jackson-videographer-profile.jpg 301w, https:\/\/benjacksonvideo.tangiblelaunchpad.com\/wp-content\/uploads\/2026\/04\/ben-zion-jackson-videographer-profile-150x150.jpg 150w, https:\/\/benjacksonvideo.tangiblelaunchpad.com\/wp-content\/uploads\/2026\/04\/ben-zion-jackson-videographer-profile-12x12.jpg 12w\" sizes=\"auto, (max-width: 301px) 100vw, 301px\" \/><\/figure>\n\n\n\n<div class=\"wp-block-group has-global-padding is-layout-constrained wp-block-group-is-layout-constrained\">\n<p>Ben Zion Jackson est un vid\u00e9aste et pilote de drone bas\u00e9 \u00e0 Montr\u00e9al. <\/p>\n\n\n\n<p>A graduate of Concordia University in Montr\u00e9al, Jackson has worked as Camera Operator on the short film&nbsp;<a href=\"https:\/\/youtu.be\/aqZjZWAQKlo?si=1kWmtVWk8g91JYEY\" target=\"_blank\" rel=\"noreferrer noopener\">Quebkanda<\/a>, the television series&nbsp;<a href=\"https:\/\/www.tv5unis.ca\/mamma-en-chef\/saisons\/1\" target=\"_blank\" rel=\"noreferrer noopener\">Mamma en Cheffe<\/a>, feature films such as&nbsp;<a href=\"https:\/\/www.shudder.com\/movies\/watch\/the-sacrifice-game\/2d8ebe71d16d9fa1\" target=\"_blank\" rel=\"noreferrer noopener\">The Sacrifice Game<\/a>, the upcoming feature documentary&nbsp;<a href=\"https:\/\/humanitystoked.com\/\" target=\"_blank\" rel=\"noreferrer noopener\">Humanity Stoked<\/a> and director of many advertising campaigns for companies such as&nbsp;<a href=\"https:\/\/www.wealthyco.com\/main\" target=\"_blank\" rel=\"noreferrer noopener\">Wealthy Commercials,&nbsp;<\/a><a href=\"https:\/\/www.youtube.com\/watch?v=ck-j0PNufl0\" target=\"_blank\" rel=\"noreferrer noopener\">Redline Communications<\/a>&nbsp;and&nbsp;<a href=\"http:\/\/jedlab.com\/\" target=\"_blank\" rel=\"noreferrer noopener\">Jedlab<\/a>. He is also the official cameraman and editor of&nbsp;<a href=\"https:\/\/realventures.com\/rep-matters\/\" target=\"_blank\" rel=\"noreferrer noopener\">Rep Matters<\/a>.<\/p>\n<\/div>\n<\/div>\n\n\n\n<p>Jackson developed the&nbsp;<a href=\"https:\/\/fredpinto.com\/podcast\/\" target=\"_blank\" rel=\"noreferrer noopener\">Fred Pinto Podcast<\/a>&nbsp;as well as the&nbsp;<a href=\"https:\/\/youtu.be\/jFJXtlSOhNU?si=qqaY88t2abIhQBaF\" target=\"_blank\" rel=\"noreferrer noopener\">Chris Dyer&#8217;s Creative Friends Podcast<\/a>, and was the editor and occasional camera operator for the&nbsp;<a href=\"http:\/\/positivecreations.ca\/category\/videos\/adventure-series\/\" target=\"_blank\" rel=\"noreferrer noopener\">Positive Creations Artventures Webseries<\/a>&nbsp;. His latest fim is the&nbsp; &nbsp;documentary:&nbsp;<a href=\"http:\/\/riverend.ca\/\" target=\"_blank\" rel=\"noreferrer noopener\">River&#8217;s End<\/a>, which premiered at the Festival de Films pour l&#8217;Environnement in April, 2017.<\/p>\n\n\n\n<p>He has had the privilege of producing music videos for artists such as&nbsp;<a href=\"https:\/\/youtu.be\/5HODjscwk8Q?si=WHhhQh30vR8PHB_l\" target=\"_blank\" rel=\"noreferrer noopener\">Master-D<\/a>,&nbsp;<a href=\"https:\/\/youtu.be\/j7FSMgrun6E?si=T9WUfk43CWmUbv3O\" target=\"_blank\" rel=\"noreferrer noopener\">the OM Sound<\/a>, the late&nbsp;<a href=\"http:\/\/vimeo.com\/115554892\" target=\"_blank\" rel=\"noreferrer noopener\">George Harrison<\/a>,&nbsp;<a href=\"https:\/\/www.youtube.com\/watch?v=fTxyNL7E7OA\" target=\"_blank\" rel=\"noreferrer noopener\">Dead Messenger<\/a>,&nbsp;<a href=\"https:\/\/www.youtube.com\/watch?v=SWPFt6_azm0\" target=\"_blank\" rel=\"noreferrer noopener\">Full Course<\/a>,&nbsp;<a href=\"https:\/\/www.youtube.com\/watch?v=Am2auNdFfAY&amp;feature=share\" target=\"_blank\" rel=\"noreferrer noopener\">Ale Dee<\/a>&nbsp;and&nbsp;<a href=\"https:\/\/www.youtube.com\/watch?v=BtJc-bpGkic\" target=\"_blank\" rel=\"noreferrer noopener\">Imposs<\/a>.<\/p>\n\n\n\n<p>He also managed&nbsp;<a href=\"http:\/\/canadahomemovies.com\/\" target=\"_blank\" rel=\"noreferrer noopener\">Montr\u00e9al Home Movies<\/a>&nbsp;where he learned film techniques as he restored customer&#8217;s memories to digital preservations.<\/p>","protected":false},"excerpt":{"rendered":"<p>Ben Zion Jackson is a fully-equipped videographer and licensed drone owner and operator based in Montr\u00e9al, Canada. A graduate of Concordia University in Montr\u00e9al, Jackson has worked as Camera Operator on the short film&nbsp;Quebkanda, the television series&nbsp;Mamma en Cheffe, feature films such as&nbsp;The Sacrifice Game, the upcoming feature documentary&nbsp;Humanity Stoked and director of many advertising [&hellip;]<\/p>\n","protected":false},"author":1,"featured_media":0,"parent":0,"menu_order":0,"comment_status":"closed","ping_status":"closed","template":"","meta":{"_acf_changed":false,"footnotes":""},"class_list":["post-102","page","type-page","status-publish","hentry"],"acf":[],"_links":{"self":[{"href":"https:\/\/benjacksonvideo.tangiblelaunchpad.com\/fr\/wp-json\/wp\/v2\/pages\/102","targetHints":{"allow":["GET"]}}],"collection":[{"href":"https:\/\/benjacksonvideo.tangiblelaunchpad.com\/fr\/wp-json\/wp\/v2\/pages"}],"about":[{"href":"https:\/\/benjacksonvideo.tangiblelaunchpad.com\/fr\/wp-json\/wp\/v2\/types\/page"}],"author":[{"embeddable":true,"href":"https:\/\/benjacksonvideo.tangiblelaunchpad.com\/fr\/wp-json\/wp\/v2\/users\/1"}],"replies":[{"embeddable":true,"href":"https:\/\/benjacksonvideo.tangiblelaunchpad.com\/fr\/wp-json\/wp\/v2\/comments?post=102"}],"version-history":[{"count":6,"href":"https:\/\/benjacksonvideo.tangiblelaunchpad.com\/fr\/wp-json\/wp\/v2\/pages\/102\/revisions"}],"predecessor-version":[{"id":113,"href":"https:\/\/benjacksonvideo.tangiblelaunchpad.com\/fr\/wp-json\/wp\/v2\/pages\/102\/revisions\/113"}],"wp:attachment":[{"href":"https:\/\/benjacksonvideo.tangiblelaunchpad.com\/fr\/wp-json\/wp\/v2\/media?parent=102"}],"curies":[{"name":"wp","href":"https:\/\/api.w.org\/{rel}","templated":true}]}}